{"id":906,"date":"2021-03-06T20:10:43","date_gmt":"2021-03-06T19:10:43","guid":{"rendered":"https:\/\/www.mythonet.cz\/produkt\/import-placeholder-for-756\/"},"modified":"2025-04-23T09:09:32","modified_gmt":"2025-04-23T07:09:32","slug":"kom-nach-mit","status":"publish","type":"product","link":"https:\/\/www.mythonet.cz\/?product=kom-nach-mit","title":{"rendered":"Komoda s \u010dern\u00fdm opaxitov\u00fdm sklem"},"content":{"rendered":"","protected":false},"excerpt":{"rendered":"<p>\u00dachvatn\u00e1 komoda s\u00a0opaxitov\u00fdm sklem s\u00a0vysouvac\u00edmi \u0161upl\u00edky a s\u00a0posuvn\u00fdm sklem. Komoda je po kompletn\u00ed renovaci. Opaxitov\u00e9 sklo je v\u00a0p\u016fvodn\u00edm nezni\u010den\u00e9m stavu, m\u00edsty m\u00e1 mal\u00e9 nev\u00fdrazn\u00e9 \u0161kr\u00e1bance. Perfektn\u011b zapadne do Va\u0161eho domova a bude V\u00e1m d\u011blat radost sv\u00fdm elegantn\u00edm vzhledem a vyu\u017eit\u00edm.<\/p>\n<ul>\n<li><strong>Stav: Po kompletn\u00ed renovaci<\/strong><\/li>\n<li><strong>Rozm\u011bry:\u00a0<\/strong>\n<ul>\n<li style=\"list-style-type: none;\">\n<ul>\n<li><strong>d\u00e9lka: 120 cm<\/strong><\/li>\n<li><strong>hloubka: 43 cm<\/strong><\/li>\n<li><strong>v\u00fd\u0161ka: 81 cm<\/strong><\/li>\n<\/ul>\n<\/li>\n<\/ul>\n<\/li>\n<\/ul>\n","protected":false},"featured_media":759,"template":"","meta":[],"product_cat":[47],"product_tag":[],"_links":{"self":[{"href":"https:\/\/www.mythonet.cz\/index.php?rest_route=\/wp\/v2\/product\/906"}],"collection":[{"href":"https:\/\/www.mythonet.cz\/index.php?rest_route=\/wp\/v2\/product"}],"about":[{"href":"https:\/\/www.mythonet.cz\/index.php?rest_route=\/wp\/v2\/types\/product"}],"wp:featuredmedia":[{"embeddable":true,"href":"https:\/\/www.mythonet.cz\/index.php?rest_route=\/wp\/v2\/media\/759"}],"wp:attachment":[{"href":"https:\/\/www.mythonet.cz\/index.php?rest_route=%2Fwp%2Fv2%2Fmedia&parent=906"}],"wp:term":[{"taxonomy":"product_cat","embeddable":true,"href":"https:\/\/www.mythonet.cz\/index.php?rest_route=%2Fwp%2Fv2%2Fproduct_cat&post=906"},{"taxonomy":"product_tag","embeddable":true,"href":"https:\/\/www.mythonet.cz\/index.php?rest_route=%2Fwp%2Fv2%2Fproduct_tag&post=906"}],"curies":[{"name":"wp","href":"https:\/\/api.w.org\/{rel}","templated":true}]}}