{"id":2524,"date":"2026-01-02T13:46:31","date_gmt":"2026-01-02T12:46:31","guid":{"rendered":"https:\/\/www.mythonet.cz\/?post_type=product&#038;p=2524"},"modified":"2026-03-29T19:37:51","modified_gmt":"2026-03-29T17:37:51","slug":"konferencni-stolek-2","status":"publish","type":"product","link":"https:\/\/www.mythonet.cz\/?product=konferencni-stolek-2","title":{"rendered":"Konferen\u010dn\u00ed stolek"},"content":{"rendered":"","protected":false},"excerpt":{"rendered":"<p>Konferen\u010dn\u00ed stolek s tmavou horn\u00ed deskou.<\/p>\n<ul>\n<li><strong>Stav: Po kompletn\u00ed renovaci<\/strong><\/li>\n<li><strong>Rozm\u011bry:\u00a0<\/strong>\n<ul>\n<li><strong>d\u00e9lka: 66 cm<\/strong><\/li>\n<li><strong>hloubka: 66 cm\u00a0<\/strong><\/li>\n<li><strong>v\u00fd\u0161ka: 55 cm\u00a0<\/strong><\/li>\n<\/ul>\n<\/li>\n<\/ul>\n","protected":false},"featured_media":2515,"template":"","meta":[],"product_cat":[43],"product_tag":[],"_links":{"self":[{"href":"https:\/\/www.mythonet.cz\/index.php?rest_route=\/wp\/v2\/product\/2524"}],"collection":[{"href":"https:\/\/www.mythonet.cz\/index.php?rest_route=\/wp\/v2\/product"}],"about":[{"href":"https:\/\/www.mythonet.cz\/index.php?rest_route=\/wp\/v2\/types\/product"}],"wp:featuredmedia":[{"embeddable":true,"href":"https:\/\/www.mythonet.cz\/index.php?rest_route=\/wp\/v2\/media\/2515"}],"wp:attachment":[{"href":"https:\/\/www.mythonet.cz\/index.php?rest_route=%2Fwp%2Fv2%2Fmedia&parent=2524"}],"wp:term":[{"taxonomy":"product_cat","embeddable":true,"href":"https:\/\/www.mythonet.cz\/index.php?rest_route=%2Fwp%2Fv2%2Fproduct_cat&post=2524"},{"taxonomy":"product_tag","embeddable":true,"href":"https:\/\/www.mythonet.cz\/index.php?rest_route=%2Fwp%2Fv2%2Fproduct_tag&post=2524"}],"curies":[{"name":"wp","href":"https:\/\/api.w.org\/{rel}","templated":true}]}}