{"id":2427,"date":"2025-12-12T11:35:30","date_gmt":"2025-12-12T10:35:30","guid":{"rendered":"https:\/\/www.mythonet.cz\/?post_type=product&#038;p=2427"},"modified":"2026-03-29T19:20:40","modified_gmt":"2026-03-29T17:20:40","slug":"thonet-polokreslo-2","status":"publish","type":"product","link":"https:\/\/www.mythonet.cz\/?product=thonet-polokreslo-2","title":{"rendered":"Thonet polok\u0159eslo"},"content":{"rendered":"","protected":false},"excerpt":{"rendered":"<p>Jednoduch\u00e9 polok\u0159eslo zna\u010dky Thonet po kompletn\u00ed renovaci, v barv\u011b tmav\u00e9 hn\u011bdi. Hod\u00edc\u00ed se k Va\u0161emu pracovn\u00edmu nebo j\u00eddeln\u00edmu stolu.<\/p>\n<ul>\n<li><strong>Stav: Po kompletn\u00ed renovaci<\/strong><\/li>\n<\/ul>\n","protected":false},"featured_media":2415,"template":"","meta":[],"product_cat":[58],"product_tag":[],"_links":{"self":[{"href":"https:\/\/www.mythonet.cz\/index.php?rest_route=\/wp\/v2\/product\/2427"}],"collection":[{"href":"https:\/\/www.mythonet.cz\/index.php?rest_route=\/wp\/v2\/product"}],"about":[{"href":"https:\/\/www.mythonet.cz\/index.php?rest_route=\/wp\/v2\/types\/product"}],"wp:featuredmedia":[{"embeddable":true,"href":"https:\/\/www.mythonet.cz\/index.php?rest_route=\/wp\/v2\/media\/2415"}],"wp:attachment":[{"href":"https:\/\/www.mythonet.cz\/index.php?rest_route=%2Fwp%2Fv2%2Fmedia&parent=2427"}],"wp:term":[{"taxonomy":"product_cat","embeddable":true,"href":"https:\/\/www.mythonet.cz\/index.php?rest_route=%2Fwp%2Fv2%2Fproduct_cat&post=2427"},{"taxonomy":"product_tag","embeddable":true,"href":"https:\/\/www.mythonet.cz\/index.php?rest_route=%2Fwp%2Fv2%2Fproduct_tag&post=2427"}],"curies":[{"name":"wp","href":"https:\/\/api.w.org\/{rel}","templated":true}]}}