{"id":2397,"date":"2025-12-12T10:09:14","date_gmt":"2025-12-12T09:09:14","guid":{"rendered":"https:\/\/www.mythonet.cz\/?post_type=product&#038;p=2397"},"modified":"2026-03-29T19:21:47","modified_gmt":"2026-03-29T17:21:47","slug":"thonet-zidle-s-43","status":"publish","type":"product","link":"https:\/\/www.mythonet.cz\/?product=thonet-zidle-s-43","title":{"rendered":"Thonet \u017eidle S 43"},"content":{"rendered":"","protected":false},"excerpt":{"rendered":"<p>Elegantn\u00ed \u017eidle Thonet S 43 po kompletn\u00ed renovaci. \u017didle se py\u0161n\u00ed svoj\u00ed lehkost\u00ed a houpac\u00edm efektem. R\u00e1m \u017eidl\u00ed je opat\u0159en chromov\u00fdm n\u00e1st\u0159ikem.<\/p>\n<ul>\n<li><strong>Stav: po kompletn\u00ed renovaci\u00a0<\/strong><\/li>\n<li><strong>Cena je uvedena za cel\u00fd komplet \u010dty\u0159 \u017eidl\u00ed\u00a0<\/strong><\/li>\n<\/ul>\n","protected":false},"featured_media":2400,"template":"","meta":[],"product_cat":[44],"product_tag":[],"_links":{"self":[{"href":"https:\/\/www.mythonet.cz\/index.php?rest_route=\/wp\/v2\/product\/2397"}],"collection":[{"href":"https:\/\/www.mythonet.cz\/index.php?rest_route=\/wp\/v2\/product"}],"about":[{"href":"https:\/\/www.mythonet.cz\/index.php?rest_route=\/wp\/v2\/types\/product"}],"wp:featuredmedia":[{"embeddable":true,"href":"https:\/\/www.mythonet.cz\/index.php?rest_route=\/wp\/v2\/media\/2400"}],"wp:attachment":[{"href":"https:\/\/www.mythonet.cz\/index.php?rest_route=%2Fwp%2Fv2%2Fmedia&parent=2397"}],"wp:term":[{"taxonomy":"product_cat","embeddable":true,"href":"https:\/\/www.mythonet.cz\/index.php?rest_route=%2Fwp%2Fv2%2Fproduct_cat&post=2397"},{"taxonomy":"product_tag","embeddable":true,"href":"https:\/\/www.mythonet.cz\/index.php?rest_route=%2Fwp%2Fv2%2Fproduct_tag&post=2397"}],"curies":[{"name":"wp","href":"https:\/\/api.w.org\/{rel}","templated":true}]}}