{"id":2375,"date":"2025-09-08T13:43:07","date_gmt":"2025-09-08T11:43:07","guid":{"rendered":"https:\/\/www.mythonet.cz\/?post_type=product&#038;p=2375"},"modified":"2026-03-29T19:23:30","modified_gmt":"2026-03-29T17:23:30","slug":"ironica-thonet-zidle","status":"publish","type":"product","link":"https:\/\/www.mythonet.cz\/?product=ironica-thonet-zidle","title":{"rendered":"IRONICA Thonet \u017eidle"},"content":{"rendered":"","protected":false},"excerpt":{"rendered":"<p>N\u00e1dhern\u00e9 \u017eidle zna\u010dky Thonet po kompletn\u00ed renovaci. Vhodn\u00e9 k Va\u0161emu j\u00eddeln\u00edmu \u010di pracovn\u00edmu stolu.<\/p>\n<ul>\n<li><strong>Stav: po kompletn\u00ed renovaci\u00a0<\/strong><\/li>\n<li><strong>Cena je uvedena za cel\u00fd komplet \u010dty\u0159 \u017eidl\u00ed\u00a0<\/strong><\/li>\n<\/ul>\n","protected":false},"featured_media":2372,"template":"","meta":[],"product_cat":[44],"product_tag":[],"_links":{"self":[{"href":"https:\/\/www.mythonet.cz\/index.php?rest_route=\/wp\/v2\/product\/2375"}],"collection":[{"href":"https:\/\/www.mythonet.cz\/index.php?rest_route=\/wp\/v2\/product"}],"about":[{"href":"https:\/\/www.mythonet.cz\/index.php?rest_route=\/wp\/v2\/types\/product"}],"wp:featuredmedia":[{"embeddable":true,"href":"https:\/\/www.mythonet.cz\/index.php?rest_route=\/wp\/v2\/media\/2372"}],"wp:attachment":[{"href":"https:\/\/www.mythonet.cz\/index.php?rest_route=%2Fwp%2Fv2%2Fmedia&parent=2375"}],"wp:term":[{"taxonomy":"product_cat","embeddable":true,"href":"https:\/\/www.mythonet.cz\/index.php?rest_route=%2Fwp%2Fv2%2Fproduct_cat&post=2375"},{"taxonomy":"product_tag","embeddable":true,"href":"https:\/\/www.mythonet.cz\/index.php?rest_route=%2Fwp%2Fv2%2Fproduct_tag&post=2375"}],"curies":[{"name":"wp","href":"https:\/\/api.w.org\/{rel}","templated":true}]}}