{"id":2349,"date":"2025-07-13T14:02:53","date_gmt":"2025-07-13T12:02:53","guid":{"rendered":"https:\/\/www.mythonet.cz\/?post_type=product&#038;p=2349"},"modified":"2026-01-02T13:52:46","modified_gmt":"2026-01-02T12:52:46","slug":"stul-thon","status":"publish","type":"product","link":"https:\/\/www.mythonet.cz\/?product=stul-thon","title":{"rendered":"St\u016fl Thon"},"content":{"rendered":"","protected":false},"excerpt":{"rendered":"<p>St\u016fl Thon po kompletn\u00ed renovaci, v barv\u011b polotmav\u00e9 hn\u011bdi. Horn\u00ed deska stolu je z jasanov\u00e9ho d\u0159eva. St\u016fl je mo\u017eno zkompletovat i s na\u0161imi \u017eidlemi nebo k\u0159es\u00edlky, kter\u00e1 najdete v na\u0161\u00ed nab\u00eddce. Sestav\u00edte si tak n\u00e1dhern\u00e9 sezen\u00ed.<\/p>\n<ul>\n<li><strong>Stav: Po kompletn\u00ed renovaci<\/strong><\/li>\n<li><strong>Rozm\u011bry:\u00a0<\/strong>\n<ul>\n<li><strong>pr\u016fm\u011br: 90 cm<\/strong><\/li>\n<li><strong>v\u00fd\u0161ka: 75 cm\u00a0<\/strong><\/li>\n<\/ul>\n<\/li>\n<\/ul>\n<p>Lze objednat po telefonick\u00e9 dohod\u011b <\/p>\n","protected":false},"featured_media":2342,"template":"","meta":[],"product_cat":[62],"product_tag":[],"_links":{"self":[{"href":"https:\/\/www.mythonet.cz\/index.php?rest_route=\/wp\/v2\/product\/2349"}],"collection":[{"href":"https:\/\/www.mythonet.cz\/index.php?rest_route=\/wp\/v2\/product"}],"about":[{"href":"https:\/\/www.mythonet.cz\/index.php?rest_route=\/wp\/v2\/types\/product"}],"wp:featuredmedia":[{"embeddable":true,"href":"https:\/\/www.mythonet.cz\/index.php?rest_route=\/wp\/v2\/media\/2342"}],"wp:attachment":[{"href":"https:\/\/www.mythonet.cz\/index.php?rest_route=%2Fwp%2Fv2%2Fmedia&parent=2349"}],"wp:term":[{"taxonomy":"product_cat","embeddable":true,"href":"https:\/\/www.mythonet.cz\/index.php?rest_route=%2Fwp%2Fv2%2Fproduct_cat&post=2349"},{"taxonomy":"product_tag","embeddable":true,"href":"https:\/\/www.mythonet.cz\/index.php?rest_route=%2Fwp%2Fv2%2Fproduct_tag&post=2349"}],"curies":[{"name":"wp","href":"https:\/\/api.w.org\/{rel}","templated":true}]}}