{"id":2347,"date":"2025-07-13T13:59:22","date_gmt":"2025-07-13T11:59:22","guid":{"rendered":"https:\/\/www.mythonet.cz\/?post_type=product&#038;p=2347"},"modified":"2025-11-08T13:29:20","modified_gmt":"2025-11-08T12:29:20","slug":"thonet-polokresilko","status":"publish","type":"product","link":"https:\/\/www.mythonet.cz\/?product=thonet-polokresilko","title":{"rendered":"Thonet polok\u0159es\u00edlko"},"content":{"rendered":"","protected":false},"excerpt":{"rendered":"<p>N\u00e1dhern\u00e9 polok\u0159eslo zna\u010dky Thonet po kompletn\u00ed renovaci, v barv\u011b sv\u011btl\u00fd o\u0159ech. Hod\u00edc\u00ed se k Va\u0161emu pracovn\u00edmu nebo j\u00eddeln\u00edmu stolu.<\/p>\n<ul>\n<li><strong>Stav: Po kompletn\u00ed renovaci<\/strong><\/li>\n<\/ul>\n","protected":false},"featured_media":2333,"template":"","meta":[],"product_cat":[45,58],"product_tag":[],"_links":{"self":[{"href":"https:\/\/www.mythonet.cz\/index.php?rest_route=\/wp\/v2\/product\/2347"}],"collection":[{"href":"https:\/\/www.mythonet.cz\/index.php?rest_route=\/wp\/v2\/product"}],"about":[{"href":"https:\/\/www.mythonet.cz\/index.php?rest_route=\/wp\/v2\/types\/product"}],"wp:featuredmedia":[{"embeddable":true,"href":"https:\/\/www.mythonet.cz\/index.php?rest_route=\/wp\/v2\/media\/2333"}],"wp:attachment":[{"href":"https:\/\/www.mythonet.cz\/index.php?rest_route=%2Fwp%2Fv2%2Fmedia&parent=2347"}],"wp:term":[{"taxonomy":"product_cat","embeddable":true,"href":"https:\/\/www.mythonet.cz\/index.php?rest_route=%2Fwp%2Fv2%2Fproduct_cat&post=2347"},{"taxonomy":"product_tag","embeddable":true,"href":"https:\/\/www.mythonet.cz\/index.php?rest_route=%2Fwp%2Fv2%2Fproduct_tag&post=2347"}],"curies":[{"name":"wp","href":"https:\/\/api.w.org\/{rel}","templated":true}]}}