{"id":2346,"date":"2025-07-13T13:58:03","date_gmt":"2025-07-13T11:58:03","guid":{"rendered":"https:\/\/www.mythonet.cz\/?post_type=product&#038;p=2346"},"modified":"2026-04-12T10:19:31","modified_gmt":"2026-04-12T08:19:31","slug":"secesni-stolek","status":"publish","type":"product","link":"https:\/\/www.mythonet.cz\/?product=secesni-stolek","title":{"rendered":"Secesn\u00ed stolek"},"content":{"rendered":"","protected":false},"excerpt":{"rendered":"<p>Secesn\u00ed stolek po kompletn\u00ed renovaci, v barv\u011b sv\u011btl\u00fd o\u0159ech rozz\u00e1\u0159\u00ed V\u00e1\u0161 interi\u00e9r. Stolek m\u016f\u017eete doplnit o \u017eidli nebo k\u0159es\u00edlko z na\u0161\u00ed nab\u00eddky.<\/p>\n<ul>\n<li><strong>Stav: Po kompletn\u00ed renovaci<\/strong><\/li>\n<li><strong>Rozm\u011bry:\u00a0<\/strong>\n<ul>\n<li><strong>d\u00e9lka: 85 cm<\/strong><\/li>\n<li><strong>hloubka: 50 cm\u00a0<\/strong><\/li>\n<li><strong>v\u00fd\u0161ka: 75 cm\u00a0<\/strong><\/li>\n<\/ul>\n<\/li>\n<\/ul>\n","protected":false},"featured_media":2330,"template":"","meta":[],"product_cat":[43],"product_tag":[49],"_links":{"self":[{"href":"https:\/\/www.mythonet.cz\/index.php?rest_route=\/wp\/v2\/product\/2346"}],"collection":[{"href":"https:\/\/www.mythonet.cz\/index.php?rest_route=\/wp\/v2\/product"}],"about":[{"href":"https:\/\/www.mythonet.cz\/index.php?rest_route=\/wp\/v2\/types\/product"}],"wp:featuredmedia":[{"embeddable":true,"href":"https:\/\/www.mythonet.cz\/index.php?rest_route=\/wp\/v2\/media\/2330"}],"wp:attachment":[{"href":"https:\/\/www.mythonet.cz\/index.php?rest_route=%2Fwp%2Fv2%2Fmedia&parent=2346"}],"wp:term":[{"taxonomy":"product_cat","embeddable":true,"href":"https:\/\/www.mythonet.cz\/index.php?rest_route=%2Fwp%2Fv2%2Fproduct_cat&post=2346"},{"taxonomy":"product_tag","embeddable":true,"href":"https:\/\/www.mythonet.cz\/index.php?rest_route=%2Fwp%2Fv2%2Fproduct_tag&post=2346"}],"curies":[{"name":"wp","href":"https:\/\/api.w.org\/{rel}","templated":true}]}}