{"id":2345,"date":"2025-07-13T13:56:15","date_gmt":"2025-07-13T11:56:15","guid":{"rendered":"https:\/\/www.mythonet.cz\/?post_type=product&#038;p=2345"},"modified":"2025-11-08T13:29:35","modified_gmt":"2025-11-08T12:29:35","slug":"etazer-thonet","status":"publish","type":"product","link":"https:\/\/www.mythonet.cz\/?product=etazer-thonet","title":{"rendered":"Eta\u017e\u00e9r Thonet"},"content":{"rendered":"","protected":false},"excerpt":{"rendered":"<p>Thonet eta\u017e\u00e9r po kompletn\u00ed renovaci, v barv\u011b polotmav\u00e9 hn\u011bdi. Skv\u011ble zapadne a okouzl\u00ed V\u00e1\u0161 interi\u00e9r.<\/p>\n<ul>\n<li><strong>Stav: Po kompletn\u00ed renovaci<\/strong><\/li>\n<li><strong>Rozm\u011bry:\u00a0<\/strong>\n<ul>\n<li><strong>d\u00e9lka: 65 cm<\/strong><\/li>\n<li><strong>hloubka: 42 cm\u00a0<\/strong><\/li>\n<li><strong>v\u00fd\u0161ka: 95 cm\u00a0<\/strong><\/li>\n<\/ul>\n<\/li>\n<\/ul>\n","protected":false},"featured_media":2327,"template":"","meta":[],"product_cat":[42],"product_tag":[],"_links":{"self":[{"href":"https:\/\/www.mythonet.cz\/index.php?rest_route=\/wp\/v2\/product\/2345"}],"collection":[{"href":"https:\/\/www.mythonet.cz\/index.php?rest_route=\/wp\/v2\/product"}],"about":[{"href":"https:\/\/www.mythonet.cz\/index.php?rest_route=\/wp\/v2\/types\/product"}],"wp:featuredmedia":[{"embeddable":true,"href":"https:\/\/www.mythonet.cz\/index.php?rest_route=\/wp\/v2\/media\/2327"}],"wp:attachment":[{"href":"https:\/\/www.mythonet.cz\/index.php?rest_route=%2Fwp%2Fv2%2Fmedia&parent=2345"}],"wp:term":[{"taxonomy":"product_cat","embeddable":true,"href":"https:\/\/www.mythonet.cz\/index.php?rest_route=%2Fwp%2Fv2%2Fproduct_cat&post=2345"},{"taxonomy":"product_tag","embeddable":true,"href":"https:\/\/www.mythonet.cz\/index.php?rest_route=%2Fwp%2Fv2%2Fproduct_tag&post=2345"}],"curies":[{"name":"wp","href":"https:\/\/api.w.org\/{rel}","templated":true}]}}