{"id":2309,"date":"2025-04-22T15:06:54","date_gmt":"2025-04-22T13:06:54","guid":{"rendered":"https:\/\/www.mythonet.cz\/?post_type=product&#038;p=2309"},"modified":"2025-12-13T07:15:23","modified_gmt":"2025-12-13T06:15:23","slug":"polokreslo-mart-stam","status":"publish","type":"product","link":"https:\/\/www.mythonet.cz\/?product=polokreslo-mart-stam","title":{"rendered":"Polok\u0159eslo Mart Stam"},"content":{"rendered":"","protected":false},"excerpt":{"rendered":"<p>N\u00e1dhern\u00e9 polok\u0159eslo s p\u016fvodn\u00ed chromovou konstrukc\u00ed hod\u00edc\u00ed se k Va\u0161emu pracovn\u00edmu stolu. Chrom byl pe\u010dliv\u011b vy\u010di\u0161t\u011bn a vyle\u0161t\u011bn.<\/p>\n<ul>\n<li><strong>Stav: po kompletn\u00ed renovaci<\/strong><\/li>\n<\/ul>\n","protected":false},"featured_media":2292,"template":"","meta":[],"product_cat":[58],"product_tag":[],"_links":{"self":[{"href":"https:\/\/www.mythonet.cz\/index.php?rest_route=\/wp\/v2\/product\/2309"}],"collection":[{"href":"https:\/\/www.mythonet.cz\/index.php?rest_route=\/wp\/v2\/product"}],"about":[{"href":"https:\/\/www.mythonet.cz\/index.php?rest_route=\/wp\/v2\/types\/product"}],"wp:featuredmedia":[{"embeddable":true,"href":"https:\/\/www.mythonet.cz\/index.php?rest_route=\/wp\/v2\/media\/2292"}],"wp:attachment":[{"href":"https:\/\/www.mythonet.cz\/index.php?rest_route=%2Fwp%2Fv2%2Fmedia&parent=2309"}],"wp:term":[{"taxonomy":"product_cat","embeddable":true,"href":"https:\/\/www.mythonet.cz\/index.php?rest_route=%2Fwp%2Fv2%2Fproduct_cat&post=2309"},{"taxonomy":"product_tag","embeddable":true,"href":"https:\/\/www.mythonet.cz\/index.php?rest_route=%2Fwp%2Fv2%2Fproduct_tag&post=2309"}],"curies":[{"name":"wp","href":"https:\/\/api.w.org\/{rel}","templated":true}]}}