{"id":2306,"date":"2025-04-22T14:57:52","date_gmt":"2025-04-22T12:57:52","guid":{"rendered":"https:\/\/www.mythonet.cz\/?post_type=product&#038;p=2306"},"modified":"2026-03-29T19:24:48","modified_gmt":"2026-03-29T17:24:48","slug":"polokresla-thonet-secese","status":"publish","type":"product","link":"https:\/\/www.mythonet.cz\/?product=polokresla-thonet-secese","title":{"rendered":"K\u0159esla Thonet secese"},"content":{"rendered":"","protected":false},"excerpt":{"rendered":"<p>Mohutn\u00e9 polok\u0159esla zna\u010dky Thonet s polstrovan\u00fdm sed\u00e1kem a op\u011brkou v secesn\u00ed l\u00e1tce.<\/p>\n<ul>\n<li><strong>Stav: po kompletn\u00ed renovaci v\u010detn\u011b nov\u00e9ho \u010daloun\u011bn\u00ed\u00a0<\/strong><\/li>\n<li><strong>Cena je uvedena za komplet dvou k\u0159esel\u00a0<\/strong><\/li>\n<\/ul>\n","protected":false},"featured_media":2265,"template":"","meta":[],"product_cat":[45],"product_tag":[],"_links":{"self":[{"href":"https:\/\/www.mythonet.cz\/index.php?rest_route=\/wp\/v2\/product\/2306"}],"collection":[{"href":"https:\/\/www.mythonet.cz\/index.php?rest_route=\/wp\/v2\/product"}],"about":[{"href":"https:\/\/www.mythonet.cz\/index.php?rest_route=\/wp\/v2\/types\/product"}],"wp:featuredmedia":[{"embeddable":true,"href":"https:\/\/www.mythonet.cz\/index.php?rest_route=\/wp\/v2\/media\/2265"}],"wp:attachment":[{"href":"https:\/\/www.mythonet.cz\/index.php?rest_route=%2Fwp%2Fv2%2Fmedia&parent=2306"}],"wp:term":[{"taxonomy":"product_cat","embeddable":true,"href":"https:\/\/www.mythonet.cz\/index.php?rest_route=%2Fwp%2Fv2%2Fproduct_cat&post=2306"},{"taxonomy":"product_tag","embeddable":true,"href":"https:\/\/www.mythonet.cz\/index.php?rest_route=%2Fwp%2Fv2%2Fproduct_tag&post=2306"}],"curies":[{"name":"wp","href":"https:\/\/api.w.org\/{rel}","templated":true}]}}