{"id":2301,"date":"2025-04-21T09:45:38","date_gmt":"2025-04-21T07:45:38","guid":{"rendered":"https:\/\/www.mythonet.cz\/?post_type=product&#038;p=2301"},"modified":"2025-05-24T20:36:27","modified_gmt":"2025-05-24T18:36:27","slug":"thonet-kreslo-art-deco","status":"publish","type":"product","link":"https:\/\/www.mythonet.cz\/?product=thonet-kreslo-art-deco","title":{"rendered":"Thonet k\u0159eslo Art deco"},"content":{"rendered":"","protected":false},"excerpt":{"rendered":"<p>Pohodln\u00e9 k\u0159eslo s pevnou konstrukc\u00ed a kvalitn\u00ed d\u0159ev\u011bnou op\u011brkou.<\/p>\n<ul>\n<li><strong>Stav: po kompletn\u00ed renovaci<\/strong><\/li>\n<li><strong>Kompletn\u00ed renovace k\u0159esla zahrnuje: odstran\u011bn\u00ed p\u016fvodn\u00ed l\u00e1tky, vybour\u00e1n\u00ed kompletn\u011b cel\u00e9ho k\u0159esla na d\u0159ev\u011bnou kostru, n\u00e1sledn\u00e9 zpevn\u011bn\u00ed kostry, zbrou\u0161en\u00ed, nat\u0159en\u00ed a nalakov\u00e1n\u00ed d\u0159eva, vypln\u011bn\u00ed k\u0159esla (tzv. sendvi\u010dov\u00e1 v\u00fdpl\u0148) a v posledn\u00ed \u0159ad\u011b pota\u017een\u00ed k\u0159esla novou l\u00e1tkou<\/strong><\/li>\n<\/ul>\n","protected":false},"featured_media":2258,"template":"","meta":[],"product_cat":[45],"product_tag":[],"_links":{"self":[{"href":"https:\/\/www.mythonet.cz\/index.php?rest_route=\/wp\/v2\/product\/2301"}],"collection":[{"href":"https:\/\/www.mythonet.cz\/index.php?rest_route=\/wp\/v2\/product"}],"about":[{"href":"https:\/\/www.mythonet.cz\/index.php?rest_route=\/wp\/v2\/types\/product"}],"wp:featuredmedia":[{"embeddable":true,"href":"https:\/\/www.mythonet.cz\/index.php?rest_route=\/wp\/v2\/media\/2258"}],"wp:attachment":[{"href":"https:\/\/www.mythonet.cz\/index.php?rest_route=%2Fwp%2Fv2%2Fmedia&parent=2301"}],"wp:term":[{"taxonomy":"product_cat","embeddable":true,"href":"https:\/\/www.mythonet.cz\/index.php?rest_route=%2Fwp%2Fv2%2Fproduct_cat&post=2301"},{"taxonomy":"product_tag","embeddable":true,"href":"https:\/\/www.mythonet.cz\/index.php?rest_route=%2Fwp%2Fv2%2Fproduct_tag&post=2301"}],"curies":[{"name":"wp","href":"https:\/\/api.w.org\/{rel}","templated":true}]}}