{"id":2300,"date":"2025-04-21T09:41:31","date_gmt":"2025-04-21T07:41:31","guid":{"rendered":"https:\/\/www.mythonet.cz\/?post_type=product&#038;p=2300"},"modified":"2025-09-12T10:14:44","modified_gmt":"2025-09-12T08:14:44","slug":"halabala-kreslo-c","status":"publish","type":"product","link":"https:\/\/www.mythonet.cz\/?product=halabala-kreslo-c","title":{"rendered":"Halabala k\u0159eslo ,,C\u201d"},"content":{"rendered":"","protected":false},"excerpt":{"rendered":"<p>Mohutn\u00e9 a velmi pohodln\u00e9 k\u0159eslo, kter\u00e9 navrhl Jind\u0159ich Halabala.<\/p>\n<ul>\n<li><strong>Stav: po kompletn\u00ed renovaci<\/strong><\/li>\n<li><strong>Kompletn\u00ed renovace k\u0159esla zahrnuje: odstran\u011bn\u00ed p\u016fvodn\u00ed l\u00e1tky, vybour\u00e1n\u00ed kompletn\u011b cel\u00e9ho k\u0159esla na d\u0159ev\u011bnou kostru, n\u00e1sledn\u00e9 zpevn\u011bn\u00ed kostry, zbrou\u0161en\u00ed, nat\u0159en\u00ed a nalakov\u00e1n\u00ed d\u0159eva, vypln\u011bn\u00ed k\u0159esla (tzv. sendvi\u010dov\u00e1 v\u00fdpl\u0148) a v posledn\u00ed \u0159ad\u011b pota\u017een\u00ed k\u0159esla novou l\u00e1tkou<\/strong><\/li>\n<\/ul>\n","protected":false},"featured_media":2273,"template":"","meta":[],"product_cat":[45],"product_tag":[],"_links":{"self":[{"href":"https:\/\/www.mythonet.cz\/index.php?rest_route=\/wp\/v2\/product\/2300"}],"collection":[{"href":"https:\/\/www.mythonet.cz\/index.php?rest_route=\/wp\/v2\/product"}],"about":[{"href":"https:\/\/www.mythonet.cz\/index.php?rest_route=\/wp\/v2\/types\/product"}],"wp:featuredmedia":[{"embeddable":true,"href":"https:\/\/www.mythonet.cz\/index.php?rest_route=\/wp\/v2\/media\/2273"}],"wp:attachment":[{"href":"https:\/\/www.mythonet.cz\/index.php?rest_route=%2Fwp%2Fv2%2Fmedia&parent=2300"}],"wp:term":[{"taxonomy":"product_cat","embeddable":true,"href":"https:\/\/www.mythonet.cz\/index.php?rest_route=%2Fwp%2Fv2%2Fproduct_cat&post=2300"},{"taxonomy":"product_tag","embeddable":true,"href":"https:\/\/www.mythonet.cz\/index.php?rest_route=%2Fwp%2Fv2%2Fproduct_tag&post=2300"}],"curies":[{"name":"wp","href":"https:\/\/api.w.org\/{rel}","templated":true}]}}