{"id":2298,"date":"2025-04-21T09:38:18","date_gmt":"2025-04-21T07:38:18","guid":{"rendered":"https:\/\/www.mythonet.cz\/?post_type=product&#038;p=2298"},"modified":"2025-05-24T20:36:27","modified_gmt":"2025-05-24T18:36:27","slug":"konferencni-stolek-ton","status":"publish","type":"product","link":"https:\/\/www.mythonet.cz\/?product=konferencni-stolek-ton","title":{"rendered":"Konferen\u010dn\u00ed stolek TON"},"content":{"rendered":"","protected":false},"excerpt":{"rendered":"<p>N\u00e1dhern\u00fd lehk\u00fd konferen\u010dn\u00ed stolek s mezipatrem zna\u010dky TON.<\/p>\n<ul>\n<li><strong>Stav: Po kompletn\u00ed renovaci<\/strong><\/li>\n<li><strong>Rozm\u011bry:\u00a0<\/strong>\n<ul>\n<li><strong>d\u00e9lka: 65 cm<\/strong><\/li>\n<li><strong>hloubka: 65 cm\u00a0<\/strong><\/li>\n<li><strong>v\u00fd\u0161ka: 65 cm\u00a0<\/strong><\/li>\n<\/ul>\n<\/li>\n<\/ul>\n","protected":false},"featured_media":2253,"template":"","meta":[],"product_cat":[43],"product_tag":[],"_links":{"self":[{"href":"https:\/\/www.mythonet.cz\/index.php?rest_route=\/wp\/v2\/product\/2298"}],"collection":[{"href":"https:\/\/www.mythonet.cz\/index.php?rest_route=\/wp\/v2\/product"}],"about":[{"href":"https:\/\/www.mythonet.cz\/index.php?rest_route=\/wp\/v2\/types\/product"}],"wp:featuredmedia":[{"embeddable":true,"href":"https:\/\/www.mythonet.cz\/index.php?rest_route=\/wp\/v2\/media\/2253"}],"wp:attachment":[{"href":"https:\/\/www.mythonet.cz\/index.php?rest_route=%2Fwp%2Fv2%2Fmedia&parent=2298"}],"wp:term":[{"taxonomy":"product_cat","embeddable":true,"href":"https:\/\/www.mythonet.cz\/index.php?rest_route=%2Fwp%2Fv2%2Fproduct_cat&post=2298"},{"taxonomy":"product_tag","embeddable":true,"href":"https:\/\/www.mythonet.cz\/index.php?rest_route=%2Fwp%2Fv2%2Fproduct_tag&post=2298"}],"curies":[{"name":"wp","href":"https:\/\/api.w.org\/{rel}","templated":true}]}}