{"id":2297,"date":"2025-04-21T09:35:26","date_gmt":"2025-04-21T07:35:26","guid":{"rendered":"https:\/\/www.mythonet.cz\/?post_type=product&#038;p=2297"},"modified":"2025-10-30T21:02:29","modified_gmt":"2025-10-30T20:02:29","slug":"konferencni-stolek-pavouk","status":"publish","type":"product","link":"https:\/\/www.mythonet.cz\/?product=konferencni-stolek-pavouk","title":{"rendered":"Konferen\u010dn\u00ed stolek ,,Pavouk\u201d"},"content":{"rendered":"","protected":false},"excerpt":{"rendered":"<p>St\u016fl p\u0159ezd\u00edvan\u00fd jako ,,Pavouk\u201c v perfektn\u00edm stavu. Tyto stolky jsou proslul\u00e9 svoj\u00ed lehkost\u00ed a jednoduchost\u00ed, skv\u011ble zapadnou do Va\u0161eho interi\u00e9ru jako konferen\u010dn\u00ed stolek.<\/p>\n<ul>\n<li><strong>Stav: Po kompletn\u00ed renovaci<\/strong><\/li>\n<li><strong>Rozm\u011bry:\u00a0<\/strong>\n<ul>\n<li><strong>d\u00e9lka: 65 cm<\/strong><\/li>\n<li><strong>hloubka: 65 cm\u00a0<\/strong><\/li>\n<li><strong>v\u00fd\u0161ka: 65 cm\u00a0<\/strong><\/li>\n<\/ul>\n<\/li>\n<\/ul>\n","protected":false},"featured_media":2255,"template":"","meta":[],"product_cat":[43],"product_tag":[],"_links":{"self":[{"href":"https:\/\/www.mythonet.cz\/index.php?rest_route=\/wp\/v2\/product\/2297"}],"collection":[{"href":"https:\/\/www.mythonet.cz\/index.php?rest_route=\/wp\/v2\/product"}],"about":[{"href":"https:\/\/www.mythonet.cz\/index.php?rest_route=\/wp\/v2\/types\/product"}],"wp:featuredmedia":[{"embeddable":true,"href":"https:\/\/www.mythonet.cz\/index.php?rest_route=\/wp\/v2\/media\/2255"}],"wp:attachment":[{"href":"https:\/\/www.mythonet.cz\/index.php?rest_route=%2Fwp%2Fv2%2Fmedia&parent=2297"}],"wp:term":[{"taxonomy":"product_cat","embeddable":true,"href":"https:\/\/www.mythonet.cz\/index.php?rest_route=%2Fwp%2Fv2%2Fproduct_cat&post=2297"},{"taxonomy":"product_tag","embeddable":true,"href":"https:\/\/www.mythonet.cz\/index.php?rest_route=%2Fwp%2Fv2%2Fproduct_tag&post=2297"}],"curies":[{"name":"wp","href":"https:\/\/api.w.org\/{rel}","templated":true}]}}