{"id":2204,"date":"2024-11-08T14:13:56","date_gmt":"2024-11-08T13:13:56","guid":{"rendered":"https:\/\/www.mythonet.cz\/?post_type=product&#038;p=2204"},"modified":"2025-07-23T10:36:20","modified_gmt":"2025-07-23T08:36:20","slug":"thonet-lavice","status":"publish","type":"product","link":"https:\/\/www.mythonet.cz\/?product=thonet-lavice","title":{"rendered":"Thonet lavice"},"content":{"rendered":"","protected":false},"excerpt":{"rendered":"<p>Lavice zna\u010dky Thonet v perfektn\u00edm n\u00e1mi zrenovovan\u00e9m stavu.<\/p>\n<ul>\n<li><strong>Stav: po kompletn\u00ed renovaci\u00a0<\/strong><\/li>\n<\/ul>\n","protected":false},"featured_media":2209,"template":"","meta":[],"product_cat":[42],"product_tag":[],"_links":{"self":[{"href":"https:\/\/www.mythonet.cz\/index.php?rest_route=\/wp\/v2\/product\/2204"}],"collection":[{"href":"https:\/\/www.mythonet.cz\/index.php?rest_route=\/wp\/v2\/product"}],"about":[{"href":"https:\/\/www.mythonet.cz\/index.php?rest_route=\/wp\/v2\/types\/product"}],"wp:featuredmedia":[{"embeddable":true,"href":"https:\/\/www.mythonet.cz\/index.php?rest_route=\/wp\/v2\/media\/2209"}],"wp:attachment":[{"href":"https:\/\/www.mythonet.cz\/index.php?rest_route=%2Fwp%2Fv2%2Fmedia&parent=2204"}],"wp:term":[{"taxonomy":"product_cat","embeddable":true,"href":"https:\/\/www.mythonet.cz\/index.php?rest_route=%2Fwp%2Fv2%2Fproduct_cat&post=2204"},{"taxonomy":"product_tag","embeddable":true,"href":"https:\/\/www.mythonet.cz\/index.php?rest_route=%2Fwp%2Fv2%2Fproduct_tag&post=2204"}],"curies":[{"name":"wp","href":"https:\/\/api.w.org\/{rel}","templated":true}]}}