{"id":2199,"date":"2024-07-09T18:39:39","date_gmt":"2024-07-09T16:39:39","guid":{"rendered":"https:\/\/www.mythonet.cz\/?post_type=product&#038;p=2199"},"modified":"2026-04-12T10:18:37","modified_gmt":"2026-04-12T08:18:37","slug":"kvetinovy-stolek","status":"publish","type":"product","link":"https:\/\/www.mythonet.cz\/?product=kvetinovy-stolek","title":{"rendered":"Kv\u011btinov\u00fd stolek"},"content":{"rendered":"","protected":false},"excerpt":{"rendered":"<p>N\u00e1dhern\u00fd kv\u011btinov\u00fd stolek ve tvaru srd\u00ed\u010dka s opaxitov\u00fdm sklem.<\/p>\n<ul>\n<li><strong>Stav: po kompletn\u00ed renovaci\u00a0<\/strong><\/li>\n<\/ul>\n","protected":false},"featured_media":2189,"template":"","meta":[],"product_cat":[42],"product_tag":[],"_links":{"self":[{"href":"https:\/\/www.mythonet.cz\/index.php?rest_route=\/wp\/v2\/product\/2199"}],"collection":[{"href":"https:\/\/www.mythonet.cz\/index.php?rest_route=\/wp\/v2\/product"}],"about":[{"href":"https:\/\/www.mythonet.cz\/index.php?rest_route=\/wp\/v2\/types\/product"}],"wp:featuredmedia":[{"embeddable":true,"href":"https:\/\/www.mythonet.cz\/index.php?rest_route=\/wp\/v2\/media\/2189"}],"wp:attachment":[{"href":"https:\/\/www.mythonet.cz\/index.php?rest_route=%2Fwp%2Fv2%2Fmedia&parent=2199"}],"wp:term":[{"taxonomy":"product_cat","embeddable":true,"href":"https:\/\/www.mythonet.cz\/index.php?rest_route=%2Fwp%2Fv2%2Fproduct_cat&post=2199"},{"taxonomy":"product_tag","embeddable":true,"href":"https:\/\/www.mythonet.cz\/index.php?rest_route=%2Fwp%2Fv2%2Fproduct_tag&post=2199"}],"curies":[{"name":"wp","href":"https:\/\/api.w.org\/{rel}","templated":true}]}}