{"id":2183,"date":"2024-07-09T18:30:07","date_gmt":"2024-07-09T16:30:07","guid":{"rendered":"https:\/\/www.mythonet.cz\/?post_type=product&#038;p=2183"},"modified":"2025-04-23T08:59:54","modified_gmt":"2025-04-23T06:59:54","slug":"konferencni-stolek","status":"publish","type":"product","link":"https:\/\/www.mythonet.cz\/?product=konferencni-stolek","title":{"rendered":"Konferen\u010dn\u00ed stolek"},"content":{"rendered":"","protected":false},"excerpt":{"rendered":"<p>Konferen\u010dn\u00ed stolek od n\u00e1vrh\u00e1\u0159\u016f Ko\u017eelka a Krop\u00e1\u010dek s \u010dir\u00fdm sklem.<\/p>\n<ul>\n<li><strong>Stav: po kompletn\u00ed renovaci\u00a0<\/strong><\/li>\n<\/ul>\n","protected":false},"featured_media":2190,"template":"","meta":[],"product_cat":[43],"product_tag":[],"_links":{"self":[{"href":"https:\/\/www.mythonet.cz\/index.php?rest_route=\/wp\/v2\/product\/2183"}],"collection":[{"href":"https:\/\/www.mythonet.cz\/index.php?rest_route=\/wp\/v2\/product"}],"about":[{"href":"https:\/\/www.mythonet.cz\/index.php?rest_route=\/wp\/v2\/types\/product"}],"wp:featuredmedia":[{"embeddable":true,"href":"https:\/\/www.mythonet.cz\/index.php?rest_route=\/wp\/v2\/media\/2190"}],"wp:attachment":[{"href":"https:\/\/www.mythonet.cz\/index.php?rest_route=%2Fwp%2Fv2%2Fmedia&parent=2183"}],"wp:term":[{"taxonomy":"product_cat","embeddable":true,"href":"https:\/\/www.mythonet.cz\/index.php?rest_route=%2Fwp%2Fv2%2Fproduct_cat&post=2183"},{"taxonomy":"product_tag","embeddable":true,"href":"https:\/\/www.mythonet.cz\/index.php?rest_route=%2Fwp%2Fv2%2Fproduct_tag&post=2183"}],"curies":[{"name":"wp","href":"https:\/\/api.w.org\/{rel}","templated":true}]}}