{"id":2178,"date":"2024-01-10T09:09:28","date_gmt":"2024-01-10T08:09:28","guid":{"rendered":"https:\/\/www.mythonet.cz\/?post_type=product&#038;p=2178"},"modified":"2024-01-14T10:31:19","modified_gmt":"2024-01-14T09:31:19","slug":"ton-stul","status":"publish","type":"product","link":"https:\/\/www.mythonet.cz\/?product=ton-stul","title":{"rendered":"TON st\u016fl"},"content":{"rendered":"","protected":false},"excerpt":{"rendered":"<p>St\u016fl s masivn\u00ed jasanovou deskou s pr\u016fm\u011brem 80 cm.<\/p>\n<ul>\n<li><strong>Stav: po kompletn\u00ed renovaci\u00a0<\/strong><\/li>\n<\/ul>\n<p><span style=\"color: #ff0000;\">Lze objednat po telefonick\u00e9 dohod\u011b<\/span><\/p>\n","protected":false},"featured_media":2175,"template":"","meta":[],"product_cat":[43],"product_tag":[],"_links":{"self":[{"href":"https:\/\/www.mythonet.cz\/index.php?rest_route=\/wp\/v2\/product\/2178"}],"collection":[{"href":"https:\/\/www.mythonet.cz\/index.php?rest_route=\/wp\/v2\/product"}],"about":[{"href":"https:\/\/www.mythonet.cz\/index.php?rest_route=\/wp\/v2\/types\/product"}],"wp:featuredmedia":[{"embeddable":true,"href":"https:\/\/www.mythonet.cz\/index.php?rest_route=\/wp\/v2\/media\/2175"}],"wp:attachment":[{"href":"https:\/\/www.mythonet.cz\/index.php?rest_route=%2Fwp%2Fv2%2Fmedia&parent=2178"}],"wp:term":[{"taxonomy":"product_cat","embeddable":true,"href":"https:\/\/www.mythonet.cz\/index.php?rest_route=%2Fwp%2Fv2%2Fproduct_cat&post=2178"},{"taxonomy":"product_tag","embeddable":true,"href":"https:\/\/www.mythonet.cz\/index.php?rest_route=%2Fwp%2Fv2%2Fproduct_tag&post=2178"}],"curies":[{"name":"wp","href":"https:\/\/api.w.org\/{rel}","templated":true}]}}