{"id":2149,"date":"2023-12-01T13:32:11","date_gmt":"2023-12-01T12:32:11","guid":{"rendered":"https:\/\/www.mythonet.cz\/?post_type=product&#038;p=2149"},"modified":"2024-07-09T18:40:37","modified_gmt":"2024-07-09T16:40:37","slug":"konferencni-stolek-pavouk-2","status":"publish","type":"product","link":"https:\/\/www.mythonet.cz\/?product=konferencni-stolek-pavouk-2","title":{"rendered":"Konferen\u010dn\u00ed stolek ,,Pavouk\u201d"},"content":{"rendered":"","protected":false},"excerpt":{"rendered":"<p>St\u016fl p\u0159ezd\u00edvan\u00fd jako ,,Pavouk\u201c v perfektn\u00edm stavu. Tyto stolky jsou proslul\u00e9 svoj\u00ed lehkost\u00ed a jednoduchost\u00ed, skv\u011ble zapadnou do Va\u0161eho interi\u00e9ru jako konferen\u010dn\u00ed stolek.<\/p>\n<ul>\n<li><strong>Stav: Po kompletn\u00ed renovaci<\/strong><\/li>\n<li><strong>Rozm\u011bry:\u00a0<\/strong>\n<ul>\n<li><strong>d\u00e9lka: 65 cm<\/strong><\/li>\n<li><strong>hloubka: 65 cm\u00a0<\/strong><\/li>\n<li><strong>v\u00fd\u0161ka: 65 cm\u00a0<\/strong><\/li>\n<\/ul>\n<\/li>\n<\/ul>\n<p><span style=\"color: #ff0000;\">Lze objednat po telefonick\u00e9 dohod\u011b<\/span><\/p>\n","protected":false},"featured_media":2155,"template":"","meta":[],"product_cat":[43],"product_tag":[],"_links":{"self":[{"href":"https:\/\/www.mythonet.cz\/index.php?rest_route=\/wp\/v2\/product\/2149"}],"collection":[{"href":"https:\/\/www.mythonet.cz\/index.php?rest_route=\/wp\/v2\/product"}],"about":[{"href":"https:\/\/www.mythonet.cz\/index.php?rest_route=\/wp\/v2\/types\/product"}],"wp:featuredmedia":[{"embeddable":true,"href":"https:\/\/www.mythonet.cz\/index.php?rest_route=\/wp\/v2\/media\/2155"}],"wp:attachment":[{"href":"https:\/\/www.mythonet.cz\/index.php?rest_route=%2Fwp%2Fv2%2Fmedia&parent=2149"}],"wp:term":[{"taxonomy":"product_cat","embeddable":true,"href":"https:\/\/www.mythonet.cz\/index.php?rest_route=%2Fwp%2Fv2%2Fproduct_cat&post=2149"},{"taxonomy":"product_tag","embeddable":true,"href":"https:\/\/www.mythonet.cz\/index.php?rest_route=%2Fwp%2Fv2%2Fproduct_tag&post=2149"}],"curies":[{"name":"wp","href":"https:\/\/api.w.org\/{rel}","templated":true}]}}