{"id":2106,"date":"2023-08-06T17:14:37","date_gmt":"2023-08-06T15:14:37","guid":{"rendered":"https:\/\/www.mythonet.cz\/?post_type=product&#038;p=2106"},"modified":"2024-07-09T18:42:01","modified_gmt":"2024-07-09T16:42:01","slug":"thonet-zidle-b47","status":"publish","type":"product","link":"https:\/\/www.mythonet.cz\/?product=thonet-zidle-b47","title":{"rendered":"Thonet \u017eidle B47"},"content":{"rendered":"","protected":false},"excerpt":{"rendered":"<p>Mohutn\u00e9 \u017eidle zna\u010dky Thonet v barv\u011b sv\u011btl\u00e9ho o\u0159echu.<\/p>\n<ul>\n<li><strong>Stav: po kompletn\u00ed renovaci\u00a0<\/strong><\/li>\n<\/ul>\n<p><span style=\"color: #ff0000;\">Lze objednat po telefonick\u00e9 dohod\u011b<\/span><\/p>\n","protected":false},"featured_media":2072,"template":"","meta":[],"product_cat":[44],"product_tag":[],"_links":{"self":[{"href":"https:\/\/www.mythonet.cz\/index.php?rest_route=\/wp\/v2\/product\/2106"}],"collection":[{"href":"https:\/\/www.mythonet.cz\/index.php?rest_route=\/wp\/v2\/product"}],"about":[{"href":"https:\/\/www.mythonet.cz\/index.php?rest_route=\/wp\/v2\/types\/product"}],"wp:featuredmedia":[{"embeddable":true,"href":"https:\/\/www.mythonet.cz\/index.php?rest_route=\/wp\/v2\/media\/2072"}],"wp:attachment":[{"href":"https:\/\/www.mythonet.cz\/index.php?rest_route=%2Fwp%2Fv2%2Fmedia&parent=2106"}],"wp:term":[{"taxonomy":"product_cat","embeddable":true,"href":"https:\/\/www.mythonet.cz\/index.php?rest_route=%2Fwp%2Fv2%2Fproduct_cat&post=2106"},{"taxonomy":"product_tag","embeddable":true,"href":"https:\/\/www.mythonet.cz\/index.php?rest_route=%2Fwp%2Fv2%2Fproduct_tag&post=2106"}],"curies":[{"name":"wp","href":"https:\/\/api.w.org\/{rel}","templated":true}]}}