{"id":3,"date":"2021-02-06T22:03:02","date_gmt":"2021-02-06T21:03:02","guid":{"rendered":"https:\/\/www.mythonet.cz\/?page_id=3"},"modified":"2021-03-28T20:34:57","modified_gmt":"2021-03-28T18:34:57","slug":"ochrana-osobnich-udaju","status":"publish","type":"page","link":"https:\/\/www.mythonet.cz\/?page_id=3","title":{"rendered":"Z\u00e1sady ochrany osobn\u00edch \u00fadaj\u016f"},"content":{"rendered":"\n<h2>Spr\u00e1vce osobn\u00edch \u00fadaj\u016f&nbsp;&nbsp;&nbsp;&nbsp;&nbsp;&nbsp;<\/h2>\n\n\n\n<p>Pro web <a href=\"https:\/\/www.mythonet.cz\/\">https:\/\/www.mythonet.cz\/<\/a> je spr\u00e1vcem osobn\u00edch \u00fadaj\u016f:<br>Ond\u0159ej Hub\u00edk<br>telefon:\u00a0 +420774432607<br>email: hubikorg@gmail.com<\/p>\n\n\n\n<h2>Pro ochranu osobn\u00edch \u00fadaj\u016f pou\u017e\u00edv\u00e1me n\u00e1sleduj\u00edc\u00ed principy:<\/h2>\n\n\n\n<ul><li>Nept\u00e1me se na osobn\u00ed informace, pokud je skute\u010dn\u011b nepot\u0159ebujeme.<\/li><li>Ve\u0161ker\u00e9 data a osobn\u00ed \u00fadaje z\u00edskan\u00e9 prost\u0159ednictv\u00edm aplikac\u00ed a obchodn\u00edm stykem mezi prod\u00e1vaj\u00edc\u00edm, provozovatelem a kupuj\u00edc\u00edm budou pou\u017eity dle platn\u00fdch z\u00e1kon\u016f \u010cesk\u00e9 republiky a nebudou v \u017e\u00e1dn\u00e9m p\u0159\u00edpad\u011b poskytnuty t\u0159et\u00edm osob\u00e1m s v\u00fdjimkou doru\u010dovac\u00edch \u00fadaj\u016f p\u0159epravn\u00edch spole\u010dnost\u00ed p\u0159i doru\u010dov\u00e1n\u00ed bal\u00edk\u016f a anal\u00fdzy n\u00e1v\u0161t\u011bvnosti webov\u00fdch str\u00e1nek viz. Analytika.<\/li><li>Neukl\u00e1d\u00e1me osobn\u00ed informace na na\u0161ich serverech, leda\u017ee se jedn\u00e1 o prob\u00edhaj\u00edc\u00ed vyu\u017e\u00edv\u00e1n\u00ed na\u0161ich slu\u017eeb.<\/li><\/ul>\n\n\n\n<h2>Jak\u00e9 shroma\u017e\u010fujeme osobn\u00ed \u00fadaje a pro\u010d je shroma\u017e\u010fujeme<\/h2>\n\n\n\n<p>Pokud u n\u00e1s budete nakupovat, vy\u017e\u00e1d\u00e1me si od V\u00e1s informace, jako jsou Va\u0161e jm\u00e9no, p\u0159\u00edjmen\u00ed, faktura\u010dn\u00ed adresa, doru\u010dovac\u00ed adresa, e-mailov\u00e1 adresa, a tak\u00e9 voliteln\u00e9 informace jako jsou telefonn\u00ed \u010d\u00edslo a n\u00e1zev firmy. Tyto informace budou pou\u017eity, abychom mohli nap\u0159.:<\/p>\n\n\n\n<ul><li>Zaslat informace o va\u0161\u00ed objedn\u00e1vce<\/li><li>Odpov\u011bd\u011bt na va\u0161e dotazy\/po\u017eadavky v\u010detn\u011b vr\u00e1cen\u00ed pen\u011bz a reklamac\u00ed<\/li><li>Dodr\u017eovat ve\u0161ker\u00e9 z\u00e1konn\u00e9 povinnosti, kter\u00e9 se na n\u00e1s vztahuj\u00ed<\/li><li>Zlep\u0161ovat nab\u00eddku na\u0161eho obchodu<\/li><\/ul>\n\n\n\n<p>Va\u0161e informace obvykle ukl\u00e1d\u00e1me po dobu, po kterou je pot\u0159ebujeme k \u00fa\u010del\u016fm, pro kter\u00e9 je sb\u00edr\u00e1me a pou\u017e\u00edv\u00e1me, dokud jsme povinni je uchov\u00e1vat. Nap\u0159\u00edklad informace o objedn\u00e1vce uchov\u00e1v\u00e1me po dobu 10 let pro \u00fa\u010detn\u00ed \u00fa\u010dely. Tyto \u00fadaje zahrnuj\u00ed Va\u0161e jm\u00e9no, e-mail, faktura\u010dn\u00ed a doru\u010dovac\u00ed adresu.<br><\/p>\n\n\n\n<h2>Kontaktn\u00ed formul\u00e1\u0159e<\/h2>\n\n\n\n<p>Na na\u0161ich str\u00e1nk\u00e1ch najdete kontaktn\u00ed formul\u00e1\u0159, kter\u00fd slou\u017e\u00ed pro popt\u00e1n\u00ed na\u0161ich slu\u017eeb nebo pro zasl\u00e1n\u00ed dotazu \u010di jin\u00e9 informace. Tento formul\u00e1\u0159 sb\u00edr\u00e1 osobn\u00ed data pouze za \u00fa\u010delem zp\u011btn\u00e9ho kontaktov\u00e1n\u00ed s odpov\u011bd\u00ed.<\/p>\n\n\n\n<h2>Cookies<\/h2>\n\n\n\n<p>Za \u00fa\u010delem zlep\u0161en\u00ed V\u00e1m poskytovan\u00fdch slu\u017eeb vyu\u017e\u00edvaj\u00ed na\u0161e str\u00e1nky soubory cookies. Jsou to mal\u00e9 soubory, kter\u00e9 ukl\u00e1daj\u00ed informace o Va\u0161em prohl\u00ed\u017ee\u010di, nikoliv o Va\u0161\u00ed osob\u011b. N\u011bkter\u00e9 cookies jsou nezbytn\u00e9 pro spr\u00e1vn\u00e9 fungov\u00e1n\u00ed str\u00e1nky, jin\u00e9 se vyu\u017e\u00edvaj\u00ed na zv\u00fd\u0161en\u00ed kvality str\u00e1nky a spokojenosti u\u017eivatele.<\/p>\n\n\n\n<p>Soubory cookies lze pomoc\u00ed va\u0161eho webov\u00e9ho prohl\u00ed\u017ee\u010de odm\u00edtnout, nebo nastavit u\u017e\u00edv\u00e1n\u00ed pouze n\u011bkter\u00fdch. Pokud n\u00e1m v\u0161ak nepovol\u00edte pou\u017eit\u00ed cookies, n\u011bkter\u00e9 funkce a str\u00e1nky nebudou fungovat tak, jak by m\u011bly. Nastaven\u00ed soukrom\u00ed ve va\u0161em po\u010d\u00edta\u010di najdete v menu internetov\u00e9ho prohl\u00ed\u017ee\u010de.<\/p>\n\n\n\n<h2>Analytika<\/h2>\n\n\n\n<p>Vyu\u017e\u00edv\u00e1me slu\u017eeb Google Analytics pro anonymn\u00ed anal\u00fdzu chov\u00e1n\u00ed u\u017eivatel\u016f na\u0161ich webov\u00fdch str\u00e1nek, abychom mohli naj\u00edt a opravit chyby v u\u017eivatelsk\u00e9m rozhran\u00ed. Tato aplikace m\u016f\u017ee vyu\u017e\u00edvat cookies k mapov\u00e1n\u00ed va\u0161eho pohybu na na\u0161ich webov\u00fdch str\u00e1nk\u00e1ch. V\u00edce informac\u00ed naleznete na str\u00e1nk\u00e1ch slu\u017eby https:\/\/www.google.com\/analytics\/learn\/privacy.html?hl=cs<\/p>\n","protected":false},"excerpt":{"rendered":"<p>Spr\u00e1vce osobn\u00edch \u00fadaj\u016f&nbsp;&nbsp;&nbsp;&nbsp;&nbsp;&nbsp; Pro web https:\/\/www.mythonet.cz\/ je spr\u00e1vcem osobn\u00edch \u00fadaj\u016f:Ond\u0159ej Hub\u00edktelefon:\u00a0 +420774432607email: hubikorg@gmail.com Pro ochranu osobn\u00edch \u00fadaj\u016f pou\u017e\u00edv\u00e1me n\u00e1sleduj\u00edc\u00ed principy: Nept\u00e1me se na osobn\u00ed informace, pokud je skute\u010dn\u011b nepot\u0159ebujeme. Ve\u0161ker\u00e9 data a osobn\u00ed \u00fadaje z\u00edskan\u00e9 prost\u0159ednictv\u00edm aplikac\u00ed a obchodn\u00edm stykem mezi prod\u00e1vaj\u00edc\u00edm, provozovatelem a kupuj\u00edc\u00edm budou pou\u017eity dle platn\u00fdch z\u00e1kon\u016f \u010cesk\u00e9 republiky a nebudou v [&hellip;]<\/p>\n","protected":false},"author":1,"featured_media":0,"parent":0,"menu_order":0,"comment_status":"closed","ping_status":"open","template":"","meta":[],"_links":{"self":[{"href":"https:\/\/www.mythonet.cz\/index.php?rest_route=\/wp\/v2\/pages\/3"}],"collection":[{"href":"https:\/\/www.mythonet.cz\/index.php?rest_route=\/wp\/v2\/pages"}],"about":[{"href":"https:\/\/www.mythonet.cz\/index.php?rest_route=\/wp\/v2\/types\/page"}],"author":[{"embeddable":true,"href":"https:\/\/www.mythonet.cz\/index.php?rest_route=\/wp\/v2\/users\/1"}],"replies":[{"embeddable":true,"href":"https:\/\/www.mythonet.cz\/index.php?rest_route=%2Fwp%2Fv2%2Fcomments&post=3"}],"version-history":[{"count":2,"href":"https:\/\/www.mythonet.cz\/index.php?rest_route=\/wp\/v2\/pages\/3\/revisions"}],"predecessor-version":[{"id":1155,"href":"https:\/\/www.mythonet.cz\/index.php?rest_route=\/wp\/v2\/pages\/3\/revisions\/1155"}],"wp:attachment":[{"href":"https:\/\/www.mythonet.cz\/index.php?rest_route=%2Fwp%2Fv2%2Fmedia&parent=3"}],"curies":[{"name":"wp","href":"https:\/\/api.w.org\/{rel}","templated":true}]}}