{"id":1152,"date":"2021-03-28T20:20:12","date_gmt":"2021-03-28T18:20:12","guid":{"rendered":"https:\/\/www.mythonet.cz\/?page_id=1152"},"modified":"2021-03-28T20:20:14","modified_gmt":"2021-03-28T18:20:14","slug":"obchodni-podminky","status":"publish","type":"page","link":"https:\/\/www.mythonet.cz\/?page_id=1152","title":{"rendered":"Obchodn\u00ed podm\u00ednky"},"content":{"rendered":"\n<p>Na\u0161e p\u0159edm\u011bty jsou funk\u010dn\u00ed, repasovan\u00e9,\u00a0\u00a0z tohoto d\u016fvod\u016f je nutn\u00e9 p\u0159ihl\u00e9dnout\u00a0\u00a0k\u00a0n\u011bkter\u00fdm nedostatk\u016fm, jako jsou stopy po \u010dervoto\u010di, dotmelen\u00e9 nebo jinak\u00a0\u00a0zaretu\u0161ovan\u00e9 m\u00edsta\u00a0\u00a0a pod.\u00a0\u00a0\u00a0\u00a0Stav p\u0159edm\u011bt\u016f je patrn\u00fd z\u00a0fotografi\u00ed a je uveden v\u00a0popisu. Po p\u0159edchoz\u00ed domluv\u011b mo\u017enost prohl\u00e9dnout u n\u00e1s v\u00a0Praze nebo Horn\u00edch Domaslavic\u00edch.<\/p>\n\n\n\n<p><strong>Reklamace<\/strong><\/p>\n\n\n\n<p>U v\u0161ech z\u00e1silek je nutn\u00e1 d\u016fkladn\u00e1 prohl\u00eddka p\u0159i doru\u010den\u00ed, za p\u0159\u00edtomnosti zam\u011bstnance z\u00e1silkov\u00e9 spole\u010dnosti. P\u0159\u00edpadn\u00e1 po\u0161kozen\u00ed produktu je t\u0159eba zaznamenat na m\u00edst\u011b doru\u010den\u00ed nebo zdokumentovat ihned po vybalen\u00ed, jinak je slo\u017eit\u00e9 uplat\u0148ovat pozd\u011bj\u0161\u00ed reklamace za po\u0161kozen\u00ed zbo\u017e\u00ed p\u0159epravou. Abychom toto riziko&nbsp;minimalizovali, zbo\u017e\u00ed pe\u010dliv\u011b bal\u00edme. Reklamace \u0159e\u0161\u00edme v\u017edy neodkladn\u011b. Reklamaci lze uplatnit emailem, po\u0161tou nebo telefonicky. P\u0159i reklamaci je nutn\u00e9 doru\u010dit p\u0159edm\u011bt na m\u00edsto odesl\u00e1n\u00ed na sv\u00e9 vlastn\u00ed n\u00e1klady.<\/p>\n","protected":false},"excerpt":{"rendered":"<p>Na\u0161e p\u0159edm\u011bty jsou funk\u010dn\u00ed, repasovan\u00e9,\u00a0\u00a0z tohoto d\u016fvod\u016f je nutn\u00e9 p\u0159ihl\u00e9dnout\u00a0\u00a0k\u00a0n\u011bkter\u00fdm nedostatk\u016fm, jako jsou stopy po \u010dervoto\u010di, dotmelen\u00e9 nebo jinak\u00a0\u00a0zaretu\u0161ovan\u00e9 m\u00edsta\u00a0\u00a0a pod.\u00a0\u00a0\u00a0\u00a0Stav p\u0159edm\u011bt\u016f je patrn\u00fd z\u00a0fotografi\u00ed a je uveden v\u00a0popisu. Po p\u0159edchoz\u00ed domluv\u011b mo\u017enost prohl\u00e9dnout u n\u00e1s v\u00a0Praze nebo Horn\u00edch Domaslavic\u00edch. Reklamace U v\u0161ech z\u00e1silek je nutn\u00e1 d\u016fkladn\u00e1 prohl\u00eddka p\u0159i doru\u010den\u00ed, za p\u0159\u00edtomnosti zam\u011bstnance z\u00e1silkov\u00e9 spole\u010dnosti. [&hellip;]<\/p>\n","protected":false},"author":1,"featured_media":0,"parent":0,"menu_order":0,"comment_status":"closed","ping_status":"closed","template":"","meta":[],"_links":{"self":[{"href":"https:\/\/www.mythonet.cz\/index.php?rest_route=\/wp\/v2\/pages\/1152"}],"collection":[{"href":"https:\/\/www.mythonet.cz\/index.php?rest_route=\/wp\/v2\/pages"}],"about":[{"href":"https:\/\/www.mythonet.cz\/index.php?rest_route=\/wp\/v2\/types\/page"}],"author":[{"embeddable":true,"href":"https:\/\/www.mythonet.cz\/index.php?rest_route=\/wp\/v2\/users\/1"}],"replies":[{"embeddable":true,"href":"https:\/\/www.mythonet.cz\/index.php?rest_route=%2Fwp%2Fv2%2Fcomments&post=1152"}],"version-history":[{"count":1,"href":"https:\/\/www.mythonet.cz\/index.php?rest_route=\/wp\/v2\/pages\/1152\/revisions"}],"predecessor-version":[{"id":1153,"href":"https:\/\/www.mythonet.cz\/index.php?rest_route=\/wp\/v2\/pages\/1152\/revisions\/1153"}],"wp:attachment":[{"href":"https:\/\/www.mythonet.cz\/index.php?rest_route=%2Fwp%2Fv2%2Fmedia&parent=1152"}],"curies":[{"name":"wp","href":"https:\/\/api.w.org\/{rel}","templated":true}]}}